{"id":11,"date":"2016-10-14T20:38:07","date_gmt":"2016-10-14T19:38:07","guid":{"rendered":"http:\/\/67.23.254.61\/~digiba\/?page_id=11"},"modified":"2025-10-18T20:49:45","modified_gmt":"2025-10-18T19:49:45","slug":"o-nama","status":"publish","type":"page","link":"http:\/\/digi.ba\/eng\/?page_id=11","title":{"rendered":"About us"},"content":{"rendered":"<div align=\"left\">\n<div align=\"left\"><iframe loading=\"lazy\" width=\"560\" height=\"315\" src=\"https:\/\/www.youtube.com\/embed\/gYyuev_2DAI?si=Cc5IPf4M7y6F-hYO\" title=\"YouTube video player\" frameborder=\"0\" allow=\"accelerometer; autoplay; clipboard-write; encrypted-media; gyroscope; picture-in-picture; web-share\" referrerpolicy=\"strict-origin-when-cross-origin\" allowfullscreen><\/iframe><\/div>\n<div align=\"left\"><\/div>\n<\/div>\n<div align=\"left\">\n<div align=\"left\">\n<br \/>\n<strong>Bosnia and Herzegovina<\/strong>\u00a0is a country where different nations, cultures and religions have lived for many centuries. Each of them has left cultural wealth behind. However, during the past wars, many objects of cultural heritage had been damaged or completely destroyed. The rest is decaying as the time goes by. Intangible cultural heritage, such as folk stories, poems, customs and craft, is slowly vanishing from people\u2019s memories.<\/p>\n<p>Digitization, virtual reconstruction and multimedia presentation will enable conservation of objects and elements of cultural heritage, as well as the revival of the awareness about them. Created digital content will stay as behest for future generations even if real objects completely disappear.<\/p>\n<p>Idea of establishing an organization for digitization was born with the implementation of the first cultural heritage digitization projects in Bosnia and Herzegovina, carried out by the\u00a0Faculty of Electrical Engineering in Sarajevo,\u00a0Sarajevo School of Science and Technology\u00a0in cooperation with\u00a05D-CADD d.o.o. Sarajevocompany and cultural institutions in Bosnia and Herzegovina.<\/p>\n<p>At the beginning of September 2010\u00a0Association for digitization and informatisation of cultural heritage <strong>DIGI.BA<\/strong>\u00a0was officialy registered in Sarajevo as a not-for-profit organization.<\/p>\n<p><strong>Association\u00a0DIGI.BA<\/strong>\u00a0gathers top experts coming from different fields including computer graphics, informatics, culture, cultural management, cultural tourism, and marketing, all of them having several successful projects in the field of digitalization and visualization of cultural heritage behind.<\/p>\n<p>&nbsp;<\/p>\n<\/div>\n<\/div>\n<p>Thank You for your help and support over the last 10 years.<\/p>\n<p><strong>OUR COLLABORATORS<\/strong><\/p>\n<p>Adi \u0110uki\u0107<br \/>\nAdisa Rogo<br \/>\nAdisa Vatre\u0161 Selimovi\u0107<br \/>\nAdnan Busulad\u017ei\u0107<br \/>\nAdnan Haskovi\u0107<br \/>\nAdnan Muftarevi\u0107<br \/>\nAdnan Mu\u0161anovi\u0107<br \/>\nAdnan Travar<br \/>\nAhmed Imamovi\u0107<br \/>\nAhmed Karavdi\u0107<br \/>\nAida Sad\u017eak<br \/>\nAjas Alispahi\u0107<br \/>\nAleksandar Seksan<br \/>\nAmar Karapu\u0161<br \/>\nAmar Selimovi\u0107<br \/>\nAmina \u0110uvi\u0107 Rizvanbegovi\u0107<br \/>\nAmira \u0110ozo<br \/>\nAmira Sadikovi\u0107<br \/>\nAmra Mad\u017earevi\u0107<br \/>\nAna Mari\u0107<br \/>\nAndrej \u017du\u017eek<br \/>\nAnis Zuko<br \/>\nAnur Imamovi\u0107<br \/>\nAzra D\u017eigal<br \/>\nBakir Izetbegovi\u0107<br \/>\nBelma Rami\u0107 Brki\u0107<br \/>\nBojan Had\u017eihalilovi\u0107<br \/>\nBojan Kerou\u0161<br \/>\nBojan Mijatovi\u0107<br \/>\nBoris Balta<br \/>\nBorislav Livopoljac<br \/>\nBranko Banovi\u0107<br \/>\nDaniel Pletinckx<br \/>\nDino Selimovi\u0107<br \/>\nDragan Golubovi\u0107<br \/>\nDra\u017een Karadagli\u0107<br \/>\nDu\u0161anka Bo\u0161kovi\u0107<br \/>\nD\u017eana Torlak Hulusi\u0107<br \/>\n\u0110ejla Mahmutovi\u0107<br \/>\nEdvard Sternad<br \/>\nElvedin Fetahovi\u0107<br \/>\nElvidin Marjanovi\u0107<br \/>\nEmilija Nikoli\u0107<br \/>\nEmina Goleti\u0107<br \/>\nEmir Bukovica<br \/>\nEmir Durmi\u0161evi\u0107<br \/>\nEmir Gani\u0107<br \/>\nEna \u010cabri\u0107<br \/>\nEnis \u010ci\u0161i\u0107<br \/>\nEnver Imamovi\u0107<br \/>\nErnedin Zajko<br \/>\nFahira Fejzi\u0107 \u010cengi\u0107<br \/>\nFatmir Alispahi\u0107<br \/>\nFe\u0111a Kulenovi\u0107<br \/>\nGina Landor<br \/>\nGoran Rado\u0161evi\u0107<br \/>\nHadis Zubanovi\u0107<br \/>\nHajrudin Selimovi\u0107<br \/>\nHakija Had\u017eali\u0107<br \/>\nIrfan Prazina<br \/>\nIvona Ivkovi\u0107-Kihi\u0107<br \/>\nJasmin Salanovi\u0107<br \/>\nJesenko Krehi\u0107<br \/>\nJure Sternad<br \/>\nKristjan Celec<br \/>\nLamija Had\u017eihasanovi\u0107 &#8211; Homarac<br \/>\nLeana Lugi\u0107<br \/>\nLida Miraj<br \/>\nLukas Maier (provjeriti spelling sa Bojanom)<br \/>\nMile Bakovi\u0107<br \/>\nMirsad Festa<br \/>\nMirsad Tuka<br \/>\nMirsada \u0106ur\u010di\u0107-Selimovi\u0107<br \/>\nMirza Had\u017ei\u0107<br \/>\nMoamer \u0160ehovi\u0107<br \/>\nMohamed El Zayat<br \/>\nMonika Mo\u0107evi\u0107<br \/>\nMuhamed Lju\u0161a<br \/>\nMuhamed Mahmutovi\u0107<br \/>\nMuhiba Kaljanac<br \/>\nNaida \u0110eki\u0107<br \/>\nNermin \u0110apo<br \/>\nNermin Komarica<br \/>\nNermin Muzur<br \/>\nNermina Kralji\u0107<br \/>\nNihad Ze\u010devi\u0107<br \/>\nRadivoje Krulj<br \/>\nRasim Muratovi\u0107<br \/>\nRemzija Balagi\u0107<br \/>\nRenato Scuzzarello<br \/>\nReuf Kapid\u017ei\u0107<br \/>\nSanda \u0160ljivo<br \/>\nSead Omerhod\u017ei\u0107<br \/>\nSelma Alispahi\u0107<br \/>\nSelma Rizvi\u0107<br \/>\nSenad Alihod\u017ei\u0107<br \/>\nSofia Pescarin<br \/>\nTatjana Mijatovi\u0107<br \/>\nUlvija Tanovi\u0107<br \/>\nVanja Jovi\u0161i\u0107<br \/>\nVanja Mijatovi\u0107<br \/>\nVedad Hod\u017ei\u0107<br \/>\nVedad Hulusi\u0107<br \/>\nVensada Okanovi\u0107<br \/>\nZana Karkin<\/p>\n<p><strong>INSTITUTIONS AND PRESS<\/strong><\/p>\n<p><a href=\"http:\/\/www.5d-cadd.ba\/\" target=\"_blank\" rel=\"noopener noreferrer\">5D-CADD d.o.o. Sarajevo<\/a><br \/>\n<a href=\"http:\/\/BHRT.ba\" target=\"_blank\" rel=\"noopener noreferrer\">BHRT<\/a><br \/>\n<a href=\"https:\/\/www.preporod.ba\/\" target=\"_blank\" rel=\"noopener noreferrer\">BZK \u201ePreporod\u201c<\/a><br \/>\n<a href=\"https:\/\/www.etf.unsa.ba\/\" target=\"_blank\" rel=\"noopener noreferrer\">Faculty of Electrical Engineering Sarajevo<\/a><br \/>\n<a href=\"https:\/\/www.fena.ba\/\" target=\"_blank\" rel=\"noopener noreferrer\">FENA &#8211; Federal News Agency<\/a><br \/>\n<a href=\"https:\/\/furaj.ba\/\" target=\"_blank\" rel=\"noopener noreferrer\">Furaj.ba<\/a><br \/>\n<a href=\"https:\/\/globaldigitalheritage.org\/\" target=\"_blank\" rel=\"noopener noreferrer\">Global Digital Heritage<\/a><br \/>\n<a href=\"https:\/\/www.facebook.com\/IslamskiKulturniCentarMostar\/\" target=\"_blank\" rel=\"noopener noreferrer\">Islamic Cultural Center Mostar<\/a><br \/>\n<a href=\"http:\/\/www.muzejsarajeva.ba\/en\/\" target=\"_blank\" rel=\"noopener noreferrer\">Museum of Sarajevo<\/a><br \/>\n<a href=\"https:\/\/www.klix.ba\/\" target=\"_blank\" rel=\"noopener noreferrer\">Klix.ba<\/a><br \/>\n<a href=\"https:\/\/www.megateam.ba\/en\/\" target=\"_blank\" rel=\"noopener noreferrer\">Megateam d.o.o. Sarajevo<\/a><br \/>\n<a href=\"https:\/\/mks.ks.gov.ba\/\" target=\"_blank\" rel=\"noopener noreferrer\">Ministry of Culture and Sports &#8211; Canton of Sarajevo<\/a><br \/>\n<a href=\"https:\/\/www.promotim.ba\/\" target=\"_blank\" rel=\"noopener noreferrer\">Promotim d.o.o. Sarajevo<\/a><br \/>\n<a href=\"https:\/\/radiosarajevo.ba\/\" target=\"_blank\" rel=\"noopener noreferrer\">Radio Sarajevo<\/a><br \/>\n<a href=\"https:\/\/rsgmedia.ba\/\" target=\"_blank\" rel=\"noopener noreferrer\">RSG Media Group<\/a><br \/>\n<a href=\"http:\/\/www.rtvfbih.ba\/loc\/\" target=\"_blank\" rel=\"noopener noreferrer\">RTV F BiH<\/a><br \/>\n<a href=\"https:\/\/www.youtube.com\/channel\/UCfN7nxKDIriGgZn52k_Nlmg\" target=\"_blank\" rel=\"noopener noreferrer\">Sarajevo Graphics Group<\/a><br \/>\n<a href=\"https:\/\/ssst.edu.ba\/\" target=\"_blank\" rel=\"noopener noreferrer\">Sarajevo School of Science and Technology<\/a><br \/>\n<a href=\"http:\/\/visitsarajevo.ba\/\" target=\"_blank\" rel=\"noopener noreferrer\">Tourism Association of Canton Sarajevo<\/a><br \/>\n<a href=\"https:\/\/hayat.ba\/\" target=\"_blank\" rel=\"noopener noreferrer\">TV HAYAT<\/a><br \/>\n<a href=\"http:\/\/n1info.com\/\" target=\"_blank\" rel=\"noopener noreferrer\">TV N1<\/a><br \/>\n<a href=\"https:\/\/www.tvsa.ba\/\" target=\"_blank\" rel=\"noopener noreferrer\">TVSA<\/a><br \/>\n<a href=\"http:\/\/dantealighieribih.ba\/\" target=\"_blank\" rel=\"noopener noreferrer\">The Association Dante Alighieri Sarajevo<\/a><br \/>\n<a href=\"https:\/\/www.webstudio.ba\/\" target=\"_blank\" rel=\"noopener noreferrer\">WEBSTUDIO Agency<\/a><br \/>\n<a href=\"http:\/\/westernbalkansfund.org\/\" target=\"_blank\" rel=\"noopener noreferrer\">Western Balkans Fund<\/a><br \/>\n<a href=\"https:\/\/www.zemaljskimuzej.ba\/en\" target=\"_blank\" rel=\"noopener noreferrer\">National Museum of Bosnia and Herzegovina<\/a><\/p>\n","protected":false},"excerpt":{"rendered":"<p>Bosnia and Herzegovina\u00a0is a country where different nations, cultures and religions have lived for many centuries. Each of them has left cultural [&hellip;]<\/p>\n","protected":false},"author":1,"featured_media":0,"parent":0,"menu_order":0,"comment_status":"closed","ping_status":"closed","template":"","meta":{"ngg_post_thumbnail":0,"footnotes":""},"class_list":["post-11","page","type-page","status-publish","hentry"],"_links":{"self":[{"href":"http:\/\/digi.ba\/eng\/index.php?rest_route=\/wp\/v2\/pages\/11","targetHints":{"allow":["GET"]}}],"collection":[{"href":"http:\/\/digi.ba\/eng\/index.php?rest_route=\/wp\/v2\/pages"}],"about":[{"href":"http:\/\/digi.ba\/eng\/index.php?rest_route=\/wp\/v2\/types\/page"}],"author":[{"embeddable":true,"href":"http:\/\/digi.ba\/eng\/index.php?rest_route=\/wp\/v2\/users\/1"}],"replies":[{"embeddable":true,"href":"http:\/\/digi.ba\/eng\/index.php?rest_route=%2Fwp%2Fv2%2Fcomments&post=11"}],"version-history":[{"count":9,"href":"http:\/\/digi.ba\/eng\/index.php?rest_route=\/wp\/v2\/pages\/11\/revisions"}],"predecessor-version":[{"id":1099,"href":"http:\/\/digi.ba\/eng\/index.php?rest_route=\/wp\/v2\/pages\/11\/revisions\/1099"}],"wp:attachment":[{"href":"http:\/\/digi.ba\/eng\/index.php?rest_route=%2Fwp%2Fv2%2Fmedia&parent=11"}],"curies":[{"name":"wp","href":"https:\/\/api.w.org\/{rel}","templated":true}]}}